{"id":7,"date":"2018-05-16T01:38:16","date_gmt":"2018-05-16T01:38:16","guid":{"rendered":"https:\/\/tatraproject.org\/?page_id=7"},"modified":"2020-11-13T16:34:38","modified_gmt":"2020-11-13T16:34:38","slug":"contact-us-2","status":"publish","type":"page","link":"https:\/\/tatraproject.org\/lt\/contact-us-2\/","title":{"rendered":"Apie Mus"},"content":{"rendered":"<p style=\"text-indent: 3em;\">TATRA PROJEKTO KOMANDA yra nedidel\u0117 grup\u0117 profesonal\u0173, besidomin\u010di\u0173 Ryt\u0173 Europos tautomis, kurios i\u0161gyveno Soviet\u0173 represij\u0105. M\u016bs\u0173 komand\u0105 sudaro direktorius ir patariamoji grup\u0117.<\/p>\n<p style=\"text-indent: 3em;\">Pastaruoju metu m\u016bs\u0173 tikslas buvo sutvarkyti 2006 m. nufilmuot\u0105 penkiolikos valand\u0173 interviu med\u017eiag\u0105, skirt\u0105 dokumentinio filmo <em>\"Raudonasis Teroras Gintaro Pakrant\u0117je\"<\/em> nemokamai vie\u0161ai prieigai internete.<\/p>\n<p style=\"text-indent: 3em;\">Kadangi valandos trukm\u0117s dokumentiniame filme buvo panaudotos tik trisde\u0161imt minu\u010di\u0173 i\u0161 penkiolikos istorini\u0173 ir tikrai \u012fsimenam\u0173 interviu valand\u0173, mes nusprend\u0117me, kad visi \u0161ie interviu yra verti vie\u0161am pri\u0117jimui ir turi svarbi\u0105 reik\u0161m\u0119. Tam mes ir suk\u016br\u0117me \u0161\u012f nemokam\u0105 vaizdin\u012f archyv\u0105.\n<\/p>\n<p>&nbsp;<\/p>\n<table style=\"border-collapse: collapse;\">\n<tbody>\n<tr style=\"border-top: 1px solid black;\">\n<td width=\"23%\"><img loading=\"lazy\" class=\"size-full wp-image-51\" src=\"https:\/\/tatraproject.org\/wp-content\/uploads\/BoardMembers\/david.jpg\" alt=\"David O\u2019Rourke\" width=\"130\" height=\"158\"><\/td>\n<td style=\"vertical-align: top;\" width=\"75%\">\n<h4>Kun. David K. O\u2019Rourke, OP, S.T.Lic., S. T. Lr.,<br>\nDirektorius<\/h4>\n<p class=\" translation-block\">Dominikon\u0173 T\u0117vas David O\u2019Rourke yra ra\u0161ytojas ir redaktorius, pla\u010diai publikav\u0119s kult\u016bros istorijos ir dabartini\u0173 \u012fvyki\u0173 srityje. Neseniai keturi jo darbai apie kalbos panaudojim\u0105 kaip \u012frank\u012f represijai buvo paskelbti serijoje \"Berkeley Insights in Linguistics and Semiotics\". 1999 m. jis prad\u0117jo dirbti savanoriu Lietuvoje. Jis buvo Vilniaus arkivyskupijos \u0160eimos centro konsultantu ir d\u0117st\u0117 \u0161eimos terapijos praktik\u0105 Vilniaus universiteto socialinio darbo magistrantams.<\/p>\n<p class=\" translation-block\">2002 m. jis prad\u0117jo dirbti buvusiame KGB foto archyve, kur jis tyrin\u0117jo \u012fra\u0161us apie Lietuvos pasiprie\u0161inim\u0105 Sovietams. Tai paskatino kartu su filmo bendrak\u016br\u0117ju Ken Gumbert (\"Domedia Productions\") sukurti dokumentin\u012f film\u0105 \"Raudonasis Teroras Gintaro Pakrant\u0117je\".<\/p>\n<p>Kun. O\u2019Rourke yra santuokos ir \u0161eimos terapeutas (1969 m.) Kalifornijoje, kur jis \u0161iuo metu ir gyvena. Jis yra baig\u0119s Jeilio (Yale) universitet\u0105.<\/p>\n<p>Spustel\u0117kite <a href=\"mailto:david@davidkorourke.com?Subject=Email Query from Tatra Project\">\u010dia<\/a> kad nusi\u0173stum\u0117te el. lai\u0161k\u0105 direktoriui kun. David O\u2019Rourke, OP\n<\/p>\n<\/td>\n<\/tr>\n<tr>\n<td width=\"23%\"><img loading=\"lazy\" class=\"size-full wp-image-51\" src=\"https:\/\/tatraproject.org\/wp-content\/uploads\/BoardMembers\/Fr.-Michael-Carey-OP.jpg\" alt=\"Michael Carey\" width=\"150\" height=\"150\"><\/td>\n<td style=\"vertical-align: top;\" width=\"75%\">\n<h3>Michael Carey<\/h3>\n<\/td>\n<\/tr>\n<tr>\n<td width=\"23%\"><img loading=\"lazy\" class=\"alignnone size-full wp-image-1083\" src=\"https:\/\/tatraproject.org\/wp-content\/uploads\/BoardMembers\/Cgrycz.png\" alt=\"Czeslaw Jan Grycz\" width=\"121\" height=\"174\"><\/td>\n<td style=\"vertical-align: top;\" width=\"75%\">\n<h3>Czes\u0142aw Jan Grycz<\/h3>\n<p>Mr Grycz is Executive Director of the W\u0142adys\u0142aw Poniecki Charitable Foundation, a non-profit California public benefit corporation, active in Central and Eastern European countries. Its principal work is in the area of Internet training for librarians.<\/p>\n<p class=\" translation-block\">Bendradarbiaudami su \u0161e\u0161i\u0173 \u0161ali\u0173 bibliotekininkais, Grycz ir Barbara K. Rodes bei j\u0173 tarptautin\u0117 komanda i\u0161 Bulgarijos, \u010cekijos, Vengrijos, Rumunijos, Slovakijos Respublikos ir Lenkijos 1994 m. i\u0161leido aplinkotyros \u0161altini\u0173 katalog\u0105, pirm\u0105 tok\u012f leidin\u012f regiono bibliotekose ir archyvuose. \"Bibliotekos ir Aplinkotyros Informacijos Centrai Centrin\u0117je Ryt\u0173 Europoje: \u017dinynas\" buvo i\u0161spausdintas ir taip pat paskelbtas internete Regioniniame Aplinkos Centre Budape\u0161te, Vengrijoje.<\/p>\n<p class=\" translation-block\">Grycz daugiau kaip trisde\u0161imt met\u0173 dirbo mokslin\u0117s leidybos ir akademin\u0117s komunikacijos srityje. 1970\u20131974 m. dirbo Stanfordo (Stanford, JAV) universiteto leidykloje. V\u0117liau dirbo Kalifornijos universitete (University of California): nuo 1974 iki 1989 m. buvo Kalifornijos universiteto leidyklos projektavimo ir gamybos vadovu, v\u0117liau dirbo bibliotek\u0173 automatizavimo skyriuje.<\/p>\n<p>In 1990 he was asked to become CEO of Octavo, a company founded by Dr John Warnock (co-founder of the great Silicon Valley Company, Adobe. &nbsp;Octavo employed ultra-high resolution digital cameras to digitize rare books and augmented the resulting images with advanced digital technologies for navigation, close examination (magnification), searching and associated editorial apparatus.<\/p>\n<p class=\" translation-block\">Grycz yra daugelio mokslini\u0173 straipsni\u0173 ir trij\u0173 knyg\u0173 autorius. 1997 m. jis gavo apdovanojim\u0105 i\u0161 Mokslo leid\u0117j\u0173 draugijos.<\/p>\n<\/td>\n<\/tr>\n<tr>\n<td width=\"23%\"><img loading=\"lazy\" class=\"size-full wp-image-51\" src=\"https:\/\/tatraproject.org\/wp-content\/uploads\/BoardMembers\/Gumbert-1.jpg\" alt=\"Ken Gumbert\" width=\"160\" height=\"235\"><\/td>\n<td style=\"vertical-align: top;\" width=\"75%\">\n<h4>Kun. Ken Gumbert, OP, M.Div, BFA<\/h4>\n<p class=\" translation-block\">Kino re\u017eisierius Ken Gumbert yra Providenso (Providence) koled\u017eo Teatro, \u0161okio ir dramos katedros profesorius, kur jis taip pat vadovauja film\u0173 k\u016brimo programai. Jo filmai daugiausia nagrin\u0117ja \u017emoni\u0173, i\u0161 kuri\u0173 atimtos \u012fstatymin\u0117s, religin\u0117s ir \u017emogaus teis\u0117s, gyvenim\u0105. Jis suk\u016br\u0117 du filmus apie Jutos taut\u0173 gyvenim\u0105 ir ritualus Jutos auk\u0161tojoje dykumoje \"Tarp Dviej\u0173 Pasauli\u0173\" ir \"Ritualiniai B\u016bdai\". Jo filmui \"Gelbstinti Malon\u0117\" apie Soviet\u0173 religini\u0173 ir \u017emogaus teisi\u0173 \u017elugdym\u0105 po 1948 m. okupacijos \u010cekoslovakijoje buvo \u012fteiktas \"Gabrielio\" apdovanojimas u\u017e geriausi\u0105 2005 m. Nacionalin\u0117je televizijoje parodyt\u0105 dokumentin\u012f film\u0105. \u010cia galite \u017ei\u016br\u0117ti \u201eGelbstinti Malon\u0117\u201c film\u0105.<\/p>\n<p>Kunigas Gumbert re\u017eisavo dokumentin\u012f film\u0105 <em>\"Raudonasis Teroras Gintaro Pakrant\u0117je\"<\/em>&nbsp;kur\u012f jis suk\u016br\u0117 kartu su David O\u2019Rourke. \u0160is valandos trukm\u0117s filmas pasakoja apie \u017emones, patyrusius KGB kal\u0117jimus, Sibiro tremt\u012f ir partizan\u0173 gyvenim\u0105.&nbsp;&nbsp;<a href=\"\/lt\/kgumbert@providence.edu\/?Subject=Email Query from Tatra Project\">El.pa\u0161tas Kun.Gumbert<\/a><\/p>\n<\/td>\n<\/tr>\n<tr>\n<td width=\"23%\"><img loading=\"lazy\" class=\"size-full wp-image-52\" src=\"https:\/\/tatraproject.org\/wp-content\/uploads\/BoardMembers\/theo.jpg\" alt=\"Theo Maniatis\" width=\"130\" height=\"169\" align=\"left\"><\/td>\n<td style=\"vertical-align: top;\" width=\"75%\">\n<h4>Theo Maniatis<\/h4>\n<p>Theo Maniatis yra vyresnysis paskol\u0173 pareig\u016bnas MPR Financial, \u012fsik\u016brusiame San Fransisko rajone. Jis k\u0105 tik at\u0161vent\u0117 21-uosius metus dirbant MPR, kur pad\u0117jo t\u016bkstan\u010diams klient\u0173 \u012fsigyti b\u016bst\u0105 ir taip \u012fgyvendinti j\u0173 svajon\u0119 apie nam\u0173 nuosavyb\u0119. Theo yra kil\u0119s is \u0160iaur\u0117s Kalifornijos ir prie\u0161 prad\u0117damas dabartin\u0119 karjer\u0105 nekilnojamojo turto finans\u0173 srityje, gavo civilin\u0117s in\u017einerijos ir statybos vadybos laipsn\u012f Berklio (University of California-Berkeley) universitete. \u0160iuo metu jis gyvena su savo \u017emona ir 3 ma\u017eais vaikais Lafajet\u0117je ir m\u0117gsta leisti laik\u0105 su jais gamtoje ir sportuojant. Theo did\u017eiuojasi savo lietuvi\u0161ku ir graiki\u0161ku paveldu ir planuoja ten \u0161eimos kelion\u0119 2020 m.<\/p><\/td>\n<\/tr>\n<tr>\n<td width=\"23%\"><\/td>\n<td style=\"vertical-align: top;\" width=\"75%\">\n<h4>Andrius Miksys<\/h4>\n<p>Andrius Miksys yra i\u0161 Sietlo (Seattle, JAV). Pastaruosius 15 met\u0173 jis gyvena Vilniuje, Lietuvoje. Jo fotografija buvo demonstruota \u012fvairiose \u0161alyse, \u012fskaitant parodas Sietlo dail\u0117s muziejuje, Vilniaus \u0161iuolaikinio meno centre, Kauno galerijoje, \u0161iuolaikinio meno galerijoje \u201e\u040e\u201c Minske ir Maureen Paley galerijoje Londone.<\/p> \n<p>Jis yra gav\u0119s param\u0105 i\u0161 Guggenheim, Fulbright ir Aaron Siskind fond\u0173. <\/p>  \n<p style=\"text-indent: 3em;\">2016 metais Andriui Lietuvos kult\u016bros ministerija paskyre Balio Bura\u010do fotografijos premij\u0105. \nAndriaus darbai buvo parodyti daugelyje leidini\u0173 ir internete, \u012fskaitant \u201eDAZED\u201c, \u201eThe New Yorker\u201c, \u201eHarper\u2019s\u201c, \u201eHOTSHOE\u201c, \u201eBuzzFeed\u201c, \u201eVICE\u201c ir \u201eAMERICAN SUBURB X\u201c. <\/p>  \n<p>Per leidykl\u0105 \u201eAR\u00d6K Books\u201c jis i\u0161leido kelet\u0105 knyg\u0173. Jo knyga DISKO (2013) yra apie Lietuvos kaimo diskotekas ir naujausia TULIPS (2016) knyga yra apie Baltarusij\u0105. <\/p> \n<\/td>\n<\/tr>\n<tr>\n<td width=\"23%\"><img loading=\"lazy\" class=\"alignnone size-medium wp-image-1082\" src=\"https:\/\/tatraproject.org\/wp-content\/uploads\/BoardMembers\/ArnasPalaima.jpg\" alt=\"Arnas Palaima\" width=\"130\" height=\"140\"><\/td>\n<td style=\"vertical-align: top;\" width=\"75%\">\n<h4>Arnas Palaima, Ph.D.<\/h4>\n<p class=\" translation-block\">Dr. Arnas Palaima yra baig\u0119s Vilniaus Universitet\u0105, po to su Fulbright stipendija i\u0161vyko t\u0119sti doktorant\u016bros studij\u0173 \u012f JAV, kur gyveno 23 metus. Per t\u0105 laikotarp\u012f Arnas dirbo Misisip\u0117s Universiteto (University of Mississippi) Vizituojan\u010diu Profesoriumi, Moksliniu Patar\u0117ju Silicio sl\u0117nyje, San Francisko Universiteto (San Francisco State University) Projekto Koordinatoriumi ir kita. Jis d\u0117st\u0117 9 metus Majamio (University of Miami) ir Misisip\u0117s (University of Mississippi) Universitetuose, viso perskait\u0117 daugiau negu 800 paskait\u0173 3,000 student\u0173. Arnas yra daugelio gerai \u017einom\u0173 mokslini\u0173 publikacij\u0173 autorius, taip pat autorius\/mokslinis redaktorius knygos \"J\u016brini\u0173 pelki\u0173 ekologija, apsauga ir atstatymas: San Francisko \u012flanka\", kuri\u0105 i\u0161leido Kalifornijos Universiteto leidykla 2012 metais, viena labiausiai presti\u017eini\u0173 universitetini\u0173 leidykl\u0173 JAV. Mokslininkai, kurie domisi pakran\u010di\u0173 ekosistemomis, j\u0173 apsauga bei j\u016brini\u0173 pelki\u0173 atstatymu gerai \u017eino \u0161i\u0105 knyg\u0105. \u0160iuo metu pasaulyje apie 800 akademini\u0173 bibliotek\u0173 (mazdaug is 40 \u0161ali\u0173) yra \u012fsigij\u0119 \u0161i\u0105 knyg\u0105, \u012fskaitant Harvardo (Harvard University), Stanfordo (Stanford University), Oksfordo (University of Oxford) ir Kembrid\u017eo (University of Cambridge) Universitetus, ir kitus. Arnas, taip pat b\u016bdamas Ekologin\u0117s Ekonomikos Inovacij\u0173 Centro (Ecological Economics Innovations Center) Direktoriumi yra gerai \u017einomas kaip eko-inovacij\u0173 ekspertas. Paskutinio de\u0161imtme\u010dio metu Arnas dirbo su daugeliu San Francisko Silicio sl\u0117nio kompanij\u0173 nauj\u0173 technologij\u0173 srityje. 2018 metais Arnas laim\u0117jo tarptautin\u012f Marie Curie (Marie Sk\u0142odowska-Curie) konkurs\u0105 ir persik\u0117l\u0117 gyventi ir dirbti \u012f Jungtin\u0119 Karalyst\u0119 (United Kingdom). Nuo 2018 met\u0173 Arnas yra Marie Curie vyresnysis mokslininkas-tyr\u0117jas Kembrid\u017eo Universitete (Research MSC Fellow in Ecological Economics at the University of Cambridge).<\/p>\n<p class=\" translation-block\">-----<\/p>\n<\/td><\/tr><tr style=\"border-top: 1px solid black;\">\n<td colspan=\"2\">\n<p>Mes norime pareik\u0161ti savo d\u0117kingum\u0105 m\u016bs\u0173 \u017einiatinklio atstovei Jennibeth Bongalon, kurios didel\u0117 kantryb\u0117 ir patirtis padejo mums sukurti \u0161i\u0105 svetain\u0119. Jennibeth \u012fgijo BFA i\u0161 \u0160ventosios Dvasios kolegijos ir papildom\u0105 pa\u017eym\u0117jim\u0105 i\u0161 Platt koled\u017eo San Franciske. Ji dirba San Mateo apskrities San Fransisko rajone vyresni\u0105ja dizainere ir yra \u201eDigital Barrio Productions\u201c \u017einiatinklio grafikos dizainer\u0117. \nSu Jennibeth galima susisiekti el. pa\u0161tu jb@digitalbario.com<\/p><\/td>\n<\/tr>\n<\/tbody>\n<\/table>\n\n\n\n<p><\/p>","protected":false},"excerpt":{"rendered":"<p>THE TATRA PROJECT TEAM is a small group of professionals who share an interest in the history and welfare of Eastern European peoples coping with what years of Soviet repression did to their lives. We have a simple structure: a director and an advisory group. Our common interest is in the work we do. Most &hellip; <a href=\"https:\/\/tatraproject.org\/lt\/contact-us-2\/\" class=\"more-link\">Skaityti toliau: <span class=\"screen-reader-text\">Apie Mus<\/span><\/a><\/p>","protected":false},"author":1,"featured_media":0,"parent":0,"menu_order":1,"comment_status":"closed","ping_status":"closed","template":"","meta":{"spay_email":""},"_links":{"self":[{"href":"https:\/\/tatraproject.org\/lt\/wp-json\/wp\/v2\/pages\/7"}],"collection":[{"href":"https:\/\/tatraproject.org\/lt\/wp-json\/wp\/v2\/pages"}],"about":[{"href":"https:\/\/tatraproject.org\/lt\/wp-json\/wp\/v2\/types\/page"}],"author":[{"embeddable":true,"href":"https:\/\/tatraproject.org\/lt\/wp-json\/wp\/v2\/users\/1"}],"replies":[{"embeddable":true,"href":"https:\/\/tatraproject.org\/lt\/wp-json\/wp\/v2\/comments?post=7"}],"version-history":[{"count":10,"href":"https:\/\/tatraproject.org\/lt\/wp-json\/wp\/v2\/pages\/7\/revisions"}],"predecessor-version":[{"id":1844,"href":"https:\/\/tatraproject.org\/lt\/wp-json\/wp\/v2\/pages\/7\/revisions\/1844"}],"wp:attachment":[{"href":"https:\/\/tatraproject.org\/lt\/wp-json\/wp\/v2\/media?parent=7"}],"curies":[{"name":"wp","href":"https:\/\/api.w.org\/{rel}","templated":true}]}}