{"id":2,"date":"2018-05-13T03:45:12","date_gmt":"2018-05-13T03:45:12","guid":{"rendered":"https:\/\/tatraproject.org\/?page_id=2"},"modified":"2019-11-18T20:39:20","modified_gmt":"2019-11-18T20:39:20","slug":"welcome","status":"publish","type":"page","link":"https:\/\/tatraproject.org\/lt\/welcome\/","title":{"rendered":"Sveiki Atvyk\u0119 \u012f Tatra Projekto Svetain\u0119"},"content":{"rendered":"<h1><strong style=\"font-size: inherit; color: #191e23;\">Dokumentinis \u0160vietimo \u0160altinis apie Gyvenim\u0105 Sovietme\u010diu<\/strong><\/h1>\n\n\n\n<p>\u0160IUOSE PUSLAPIUOSE rasite pasakojimus pirmuoju asmeniu, dokumentinius filmus ir nuorodas \u012f \u0161altinius, susijusius su Baltijos \u0161ali\u0173 sovietine okupacija po Antrojo pasaulinio karo. Atkreipkite d\u0117mes\u012f:<\/p>\n\n\n\n<p>\u2022 Vaizdo failus paprastai lydi nuora\u0161ai, vertimai ir kiti tekstiniai failai. Juos galite pasiekti spustel\u0117j\u0119 piktogramas po j\u016bs\u0173 pasirinktu vaizdo \u012fra\u0161u.<br><\/p>\n\n<img src=\"https:\/\/tatraproject.org\/wp-content\/uploads\/Icons\/Video-IconOnly.jpg\" alt=\"Video Icon\"\/><\/a>&nbsp;&nbsp;&nbsp;&nbsp;&nbsp; = \u017diur\u0117ti vaizdo \u012fra\u0161\u0105<br><\/p>\n\n<img src=\"https:\/\/tatraproject.org\/wp-content\/uploads\/Icons\/Audio-IconOnly.jpg\" alt=\"Audio Icon\"\/><\/a>&nbsp;&nbsp;&nbsp;&nbsp;&nbsp; = Klausykit\u0117s tik interviu garso \u012fra\u0161o.<br><\/p>\n\n<img src=\"https:\/\/tatraproject.org\/wp-content\/uploads\/Icons\/PDF-IconOnly.jpg\" alt=\"PDF Icon\"\/><\/a>&nbsp;&nbsp;&nbsp;&nbsp;&nbsp; = Atsisi\u0173skite interviu nuora\u0161o PDF fail\u0105.<br><\/p>\n\n<img src=\"https:\/\/tatraproject.org\/wp-content\/uploads\/Icons\/Translate-IconOnly.jpg\" alt=\"Translate Icon\"\/><\/a>&nbsp;&nbsp;&nbsp;&nbsp;&nbsp; = Atsisi\u0173skite interviu vertim\u0105. (V\u0117liavos piktograma nurodys vertimo kalb\u0105.)<br><\/p>\n<p><br><\/p>\n\n\n\n<p>\u2022 Kvie\u010diame naudoti \u0161iuos \u0161altinius be mokes\u010di\u0173, studijoms ar mokymui. Nor\u0117dami su\u017einoti, kaip atsirado Tatra projektas, skaitykite <a href=\"https:\/\/tatraproject.org\/lt\/backstory\/\">Projekto Atsiradimo Istorija.<\/a> to learn how the Tatra Project came to exist.<\/p>\n\n\n\n<h3 style=\"text-align:right\"><a href=\"https:\/\/tatraproject.org\/lt\/dedication\/\">T\u0119sti<\/a><\/h3>","protected":false},"excerpt":{"rendered":"<p>A Documentary Resource about Life under Soviet Domination ON THESE PAGES you will find first-person narratives, documentary movies and links to resources concerning the Soviet Occupation of the Baltic Countries in the aftermath of World War II. &nbsp;Please note: \u2022 Video files will normally be accompanied by transcripts, translations, and perhaps other text files. These &hellip; <a href=\"https:\/\/tatraproject.org\/lt\/welcome\/\" class=\"more-link\">Skaityti toliau: <span class=\"screen-reader-text\">Sveiki Atvyk\u0119 \u012f Tatra Projekto Svetain\u0119<\/span><\/a><\/p>","protected":false},"author":1,"featured_media":49,"parent":0,"menu_order":0,"comment_status":"closed","ping_status":"open","template":"","meta":{"spay_email":""},"_links":{"self":[{"href":"https:\/\/tatraproject.org\/lt\/wp-json\/wp\/v2\/pages\/2"}],"collection":[{"href":"https:\/\/tatraproject.org\/lt\/wp-json\/wp\/v2\/pages"}],"about":[{"href":"https:\/\/tatraproject.org\/lt\/wp-json\/wp\/v2\/types\/page"}],"author":[{"embeddable":true,"href":"https:\/\/tatraproject.org\/lt\/wp-json\/wp\/v2\/users\/1"}],"replies":[{"embeddable":true,"href":"https:\/\/tatraproject.org\/lt\/wp-json\/wp\/v2\/comments?post=2"}],"version-history":[{"count":11,"href":"https:\/\/tatraproject.org\/lt\/wp-json\/wp\/v2\/pages\/2\/revisions"}],"predecessor-version":[{"id":1861,"href":"https:\/\/tatraproject.org\/lt\/wp-json\/wp\/v2\/pages\/2\/revisions\/1861"}],"wp:featuredmedia":[{"embeddable":true,"href":"https:\/\/tatraproject.org\/lt\/wp-json\/wp\/v2\/media\/49"}],"wp:attachment":[{"href":"https:\/\/tatraproject.org\/lt\/wp-json\/wp\/v2\/media?parent=2"}],"curies":[{"name":"wp","href":"https:\/\/api.w.org\/{rel}","templated":true}]}}