{"id":146,"date":"2018-09-10T01:55:06","date_gmt":"2018-09-10T01:55:06","guid":{"rendered":"https:\/\/tatraproject.org\/search-videos\/"},"modified":"2018-09-10T01:55:06","modified_gmt":"2018-09-10T01:55:06","slug":"search-videos","status":"publish","type":"page","link":"https:\/\/tatraproject.org\/lt\/search-videos\/","title":{"rendered":"Search Videos"},"content":{"rendered":"<div class=\"aiovg aiovg-videos aiovg-videos-template-classic\">\r\n\t<div class=\"aiovg-row\">            \r\n        <div class=\"aiovg-col aiovg-col-3\">\r\n            \n<div class=\"aiovg-thumbnail aiovg-thumbnail-style-image-top\" data-id=\"964\">\n    <a href=\"https:\/\/tatraproject.org\/lt\/aiovg_videos\/kazakevicius-antanas\/\" class=\"aiovg-responsive-container\" style=\"padding-bottom: 75%;\">\n        <img src=\"https:\/\/tatraproject.org\/wp-content\/uploads\/PartisanFiles\/Kazakevicius\/StillPhoto\/Kazakevicius_Antanas.jpg\" alt=\"Antanas Kazakevicius\" class=\"aiovg-responsive-element\" \/>                    \n        \n                \n        <div class=\"aiovg-play-icon\"><\/div>\n    <\/a>    \t\n    \n    <div class=\"aiovg-caption\">\n        <div class=\"aiovg-title\">\n            <a href=\"https:\/\/tatraproject.org\/lt\/aiovg_videos\/kazakevicius-antanas\/\" class=\"aiovg-link-title\">Antanas Kazakevicius<\/a>\n        <\/div>\n\n                    \n                    <div class=\"aiovg-excerpt\">Antanas Kazakavicius was a resister who was [...]<\/div>\n                \n        \n                \n            <\/div>\n<\/div>            \r\n        <\/div>                \r\n                    \r\n        <div class=\"aiovg-col aiovg-col-3\">\r\n            \n<div class=\"aiovg-thumbnail aiovg-thumbnail-style-image-top\" data-id=\"967\">\n    <a href=\"https:\/\/tatraproject.org\/lt\/aiovg_videos\/terleckas-antanas\/\" class=\"aiovg-responsive-container\" style=\"padding-bottom: 75%;\">\n        <img src=\"https:\/\/tatraproject.org\/wp-content\/uploads\/PartisanFiles\/TerleckasA\/StillPhoto\/Terleckas-Antanas.jpg\" alt=\"Antanas Terleckas\" class=\"aiovg-responsive-element\" \/>                    \n        \n                \n        <div class=\"aiovg-play-icon\"><\/div>\n    <\/a>    \t\n    \n    <div class=\"aiovg-caption\">\n        <div class=\"aiovg-title\">\n            <a href=\"https:\/\/tatraproject.org\/lt\/aiovg_videos\/terleckas-antanas\/\" class=\"aiovg-link-title\">Antanas Terleckas<\/a>\n        <\/div>\n\n                    \n                    <div class=\"aiovg-excerpt\">Antanas Terleckas was a public dissident who [...]<\/div>\n                \n        \n                \n            <\/div>\n<\/div>            \r\n        <\/div>                \r\n                    \r\n        <div class=\"aiovg-col aiovg-col-3\">\r\n            \n<div class=\"aiovg-thumbnail aiovg-thumbnail-style-image-top\" data-id=\"201\">\n    <a href=\"https:\/\/tatraproject.org\/lt\/aiovg_videos\/anusauskas-arvydas-2\/\" class=\"aiovg-responsive-container\" style=\"padding-bottom: 75%;\">\n        <img src=\"https:\/\/tatraproject.org\/wp-content\/uploads\/PartisanFiles\/Anusuaskas\/StillPhoto\/#.jpg\" alt=\"Arvydas Anusauskas\" class=\"aiovg-responsive-element\" \/>                    \n        \n                \n        <div class=\"aiovg-play-icon\"><\/div>\n    <\/a>    \t\n    \n    <div class=\"aiovg-caption\">\n        <div class=\"aiovg-title\">\n            <a href=\"https:\/\/tatraproject.org\/lt\/aiovg_videos\/anusauskas-arvydas-2\/\" class=\"aiovg-link-title\">Arvydas Anusauskas<\/a>\n        <\/div>\n\n                    \n                    <div class=\"aiovg-excerpt\">Dr. Arvydas Anusauskas is Lithuania\u2019s leading [...]<\/div>\n                \n        \n                \n            <\/div>\n<\/div>            \r\n        <\/div>                \r\n        <\/div><div class=\"aiovg-row\">            \r\n        <div class=\"aiovg-col aiovg-col-3\">\r\n            \n<div class=\"aiovg-thumbnail aiovg-thumbnail-style-image-top\" data-id=\"949\">\n    <a href=\"https:\/\/tatraproject.org\/lt\/aiovg_videos\/abukauskaskiene-bronislava\/\" class=\"aiovg-responsive-container\" style=\"padding-bottom: 75%;\">\n        <img src=\"https:\/\/tatraproject.org\/wp-content\/uploads\/PartisanFiles\/AbukauskaskieneB\/StillPhoto\/Abukauskienie-Bronislava.jpg\" alt=\"Bronislava Abukauskaskien\u0117\" class=\"aiovg-responsive-element\" \/>                    \n        \n                \n        <div class=\"aiovg-play-icon\"><\/div>\n    <\/a>    \t\n    \n    <div class=\"aiovg-caption\">\n        <div class=\"aiovg-title\">\n            <a href=\"https:\/\/tatraproject.org\/lt\/aiovg_videos\/abukauskaskiene-bronislava\/\" class=\"aiovg-link-title\">Bronislava Abukauskien\u0117<\/a>\n        <\/div>\n\n                    \n                    <div class=\"aiovg-excerpt\">Bronislava\u2019s story gives us a very detailed [...]<\/div>\n                \n        \n                \n            <\/div>\n<\/div>            \r\n        <\/div>                \r\n                    \r\n        <div class=\"aiovg-col aiovg-col-3\">\r\n            \n<div class=\"aiovg-thumbnail aiovg-thumbnail-style-image-top\" data-id=\"204\">\n    <a href=\"https:\/\/tatraproject.org\/lt\/aiovg_videos\/sadunaite-felicija-nijole\/\" class=\"aiovg-responsive-container\" style=\"padding-bottom: 75%;\">\n        <img src=\"https:\/\/tatraproject.org\/wp-content\/uploads\/PartisanFiles\/Sadunaite\/StillPhoto\/Sadunaite_Nijole.jpg\" alt=\"Felicija Nijol\u0117 Sad\u016bnait\u0117\" class=\"aiovg-responsive-element\" \/>                    \n        \n                \n        <div class=\"aiovg-play-icon\"><\/div>\n    <\/a>    \t\n    \n    <div class=\"aiovg-caption\">\n        <div class=\"aiovg-title\">\n            <a href=\"https:\/\/tatraproject.org\/lt\/aiovg_videos\/sadunaite-felicija-nijole\/\" class=\"aiovg-link-title\">Felicija Nijol\u0117 Sad\u016bnait\u0117<\/a>\n        <\/div>\n\n                    \n                    <div class=\"aiovg-excerpt\">Nijole Sadunite is a member of a Catholic [...]<\/div>\n                \n        \n                \n            <\/div>\n<\/div>            \r\n        <\/div>                \r\n                    \r\n        <div class=\"aiovg-col aiovg-col-3\">\r\n            \n<div class=\"aiovg-thumbnail aiovg-thumbnail-style-image-top\" data-id=\"202\">\n    <a href=\"https:\/\/tatraproject.org\/lt\/aiovg_videos\/gajauskas-balys\/\" class=\"aiovg-responsive-container\" style=\"padding-bottom: 75%;\">\n        <img src=\"https:\/\/tatraproject.org\/wp-content\/uploads\/PartisanFiles\/Gajauskas\/StillPhoto\/Gajauskas_Balys.jpg\" alt=\"Gajauskas, Balys\" class=\"aiovg-responsive-element\" \/>                    \n        \n                \n        <div class=\"aiovg-play-icon\"><\/div>\n    <\/a>    \t\n    \n    <div class=\"aiovg-caption\">\n        <div class=\"aiovg-title\">\n            <a href=\"https:\/\/tatraproject.org\/lt\/aiovg_videos\/gajauskas-balys\/\" class=\"aiovg-link-title\">Gajauskas, Balys<\/a>\n        <\/div>\n\n                    \n                    <div class=\"aiovg-excerpt\">Balys Gajauskas was a Lithuanian activist and [...]<\/div>\n                \n        \n                \n            <\/div>\n<\/div>            \r\n        <\/div>                \r\n        <\/div><div class=\"aiovg-row\">            \r\n        <div class=\"aiovg-col aiovg-col-3\">\r\n            \n<div class=\"aiovg-thumbnail aiovg-thumbnail-style-image-top\" data-id=\"206\">\n    <a href=\"https:\/\/tatraproject.org\/lt\/aiovg_videos\/irena-valaityte\/\" class=\"aiovg-responsive-container\" style=\"padding-bottom: 75%;\">\n        <img src=\"https:\/\/tatraproject.org\/wp-content\/uploads\/PartisanFiles\/Spakuskiene\/StillPhoto\/S\u030cpakauskiene\u0307_Irena-1024x758.jpg\" alt=\"Irena Saulut\u0117 Valaityte \u0160pakauskien\u0117\" class=\"aiovg-responsive-element\" \/>                    \n        \n                \n        <div class=\"aiovg-play-icon\"><\/div>\n    <\/a>    \t\n    \n    <div class=\"aiovg-caption\">\n        <div class=\"aiovg-title\">\n            <a href=\"https:\/\/tatraproject.org\/lt\/aiovg_videos\/irena-valaityte\/\" class=\"aiovg-link-title\">Irena Saulut\u0117 Valaityt\u0117 \u0160pakauskien\u0117<\/a>\n        <\/div>\n\n                    \n                    <div class=\"aiovg-excerpt\">On the night of June 13, 1941, the Soviet [...]<\/div>\n                \n        \n                \n            <\/div>\n<\/div>            \r\n        <\/div>                \r\n                    \r\n        <div class=\"aiovg-col aiovg-col-3\">\r\n            \n<div class=\"aiovg-thumbnail aiovg-thumbnail-style-image-top\" data-id=\"203\">\n    <a href=\"https:\/\/tatraproject.org\/lt\/aiovg_videos\/jakavonis-family\/\" class=\"aiovg-responsive-container\" style=\"padding-bottom: 75%;\">\n        <img src=\"https:\/\/tatraproject.org\/wp-content\/uploads\/PartisanFiles\/Jakavonis\/StillPhoto\/#.jpg\" alt=\"Jakavonis Family\" class=\"aiovg-responsive-element\" \/>                    \n        \n                \n        <div class=\"aiovg-play-icon\"><\/div>\n    <\/a>    \t\n    \n    <div class=\"aiovg-caption\">\n        <div class=\"aiovg-title\">\n            <a href=\"https:\/\/tatraproject.org\/lt\/aiovg_videos\/jakavonis-family\/\" class=\"aiovg-link-title\">Jakavonis Family<\/a>\n        <\/div>\n\n                    \n                    <div class=\"aiovg-excerpt\">They were a young couple when Juozas was [...]<\/div>\n                \n        \n                \n            <\/div>\n<\/div>            \r\n        <\/div>                \r\n                    \r\n        <div class=\"aiovg-col aiovg-col-3\">\r\n            \n<div class=\"aiovg-thumbnail aiovg-thumbnail-style-image-top\" data-id=\"962\">\n    <a href=\"https:\/\/tatraproject.org\/lt\/aiovg_videos\/abukauskas-jonas\/\" class=\"aiovg-responsive-container\" style=\"padding-bottom: 75%;\">\n        <img src=\"https:\/\/tatraproject.org\/wp-content\/uploads\/PartisanFiles\/Abukauskas\/StillPhoto\/AbukauskasJonas.jpg\" alt=\"Jonas Abukauskas\" class=\"aiovg-responsive-element\" \/>                    \n        \n                \n        <div class=\"aiovg-play-icon\"><\/div>\n    <\/a>    \t\n    \n    <div class=\"aiovg-caption\">\n        <div class=\"aiovg-title\">\n            <a href=\"https:\/\/tatraproject.org\/lt\/aiovg_videos\/abukauskas-jonas\/\" class=\"aiovg-link-title\">Jonas Abukauskas<\/a>\n        <\/div>\n\n                    \n                    <div class=\"aiovg-excerpt\">This young couple became involved in the [...]<\/div>\n                \n        \n                \n            <\/div>\n<\/div>            \r\n        <\/div>                \r\n        <\/div><div class=\"aiovg-row\">            \r\n        <div class=\"aiovg-col aiovg-col-3\">\r\n            \n<div class=\"aiovg-thumbnail aiovg-thumbnail-style-image-top\" data-id=\"205\">\n    <a href=\"https:\/\/tatraproject.org\/lt\/aiovg_videos\/sasnauskas-julius\/\" class=\"aiovg-responsive-container\" style=\"padding-bottom: 75%;\">\n        <img src=\"https:\/\/tatraproject.org\/wp-content\/uploads\/PartisanFiles\/Sasnauskas\/StillPhoto\/Sasnauskas_Julius.jpg\" alt=\"Julius Sasnauskas\" class=\"aiovg-responsive-element\" \/>                    \n        \n                \n        <div class=\"aiovg-play-icon\"><\/div>\n    <\/a>    \t\n    \n    <div class=\"aiovg-caption\">\n        <div class=\"aiovg-title\">\n            <a href=\"https:\/\/tatraproject.org\/lt\/aiovg_videos\/sasnauskas-julius\/\" class=\"aiovg-link-title\">Julius Sasnauskas<\/a>\n        <\/div>\n\n                    \n                    <div class=\"aiovg-excerpt\">As a high school student Julius took part in [...]<\/div>\n                \n        \n                \n            <\/div>\n<\/div>            \r\n        <\/div>                \r\n                    \r\n        <div class=\"aiovg-col aiovg-col-3\">\r\n            \n<div class=\"aiovg-thumbnail aiovg-thumbnail-style-image-top\" data-id=\"937\">\n    <a href=\"https:\/\/tatraproject.org\/lt\/aiovg_videos\/saving-grace\/\" class=\"aiovg-responsive-container\" style=\"padding-bottom: 75%;\">\n        <img src=\"https:\/\/tatraproject.org\/wp-content\/plugins\/all-in-one-video-gallery\/public\/assets\/images\/placeholder-image.png\" alt=\"Saving Grace\" class=\"aiovg-responsive-element\" \/>                    \n        \n                \n        <div class=\"aiovg-play-icon\"><\/div>\n    <\/a>    \t\n    \n    <div class=\"aiovg-caption\">\n        <div class=\"aiovg-title\">\n            <a href=\"https:\/\/tatraproject.org\/lt\/aiovg_videos\/saving-grace\/\" class=\"aiovg-link-title\">\"Gelbstinti Malon\u0117\"<\/a>\n        <\/div>\n\n                    \n                    <div class=\"aiovg-excerpt\">Lorem ipsum dolor sit amet, id cum semper [...]<\/div>\n                \n        \n                \n            <\/div>\n<\/div>            \r\n        <\/div>                \r\n                    \r\n        <div class=\"aiovg-col aiovg-col-3\">\r\n            \n<div class=\"aiovg-thumbnail aiovg-thumbnail-style-image-top\" data-id=\"938\">\n    <a href=\"https:\/\/tatraproject.org\/lt\/aiovg_videos\/saving-grace-english\/\" class=\"aiovg-responsive-container\" style=\"padding-bottom: 75%;\">\n        <img src=\"https:\/\/tatraproject.org\/wp-content\/plugins\/all-in-one-video-gallery\/public\/assets\/images\/placeholder-image.png\" alt=\"Saving Grace &#8211; English\" class=\"aiovg-responsive-element\" \/>                    \n        \n                \n        <div class=\"aiovg-play-icon\"><\/div>\n    <\/a>    \t\n    \n    <div class=\"aiovg-caption\">\n        <div class=\"aiovg-title\">\n            <a href=\"https:\/\/tatraproject.org\/lt\/aiovg_videos\/saving-grace-english\/\" class=\"aiovg-link-title\">Saving Grace &#8211; English<\/a>\n        <\/div>\n\n                    \n                    <div class=\"aiovg-excerpt\">Lorem ipsum dolor sit amet, id cum semper [...]<\/div>\n                \n        \n                \n            <\/div>\n<\/div>            \r\n        <\/div>                \r\n        <\/div><div class=\"aiovg-row\">            \r\n        <div class=\"aiovg-col aiovg-col-3\">\r\n            \n<div class=\"aiovg-thumbnail aiovg-thumbnail-style-image-top\" data-id=\"939\">\n    <a href=\"https:\/\/tatraproject.org\/lt\/aiovg_videos\/saving-grace-cz\/\" class=\"aiovg-responsive-container\" style=\"padding-bottom: 75%;\">\n        <img src=\"https:\/\/tatraproject.org\/wp-content\/plugins\/all-in-one-video-gallery\/public\/assets\/images\/placeholder-image.png\" alt=\"Saving Grace.CZ\" class=\"aiovg-responsive-element\" \/>                    \n        \n                \n        <div class=\"aiovg-play-icon\"><\/div>\n    <\/a>    \t\n    \n    <div class=\"aiovg-caption\">\n        <div class=\"aiovg-title\">\n            <a href=\"https:\/\/tatraproject.org\/lt\/aiovg_videos\/saving-grace-cz\/\" class=\"aiovg-link-title\">Saving Grace.CZ<\/a>\n        <\/div>\n\n                    \n                    <div class=\"aiovg-excerpt\">Lorem ipsum dolor sit amet, id cum semper [...]<\/div>\n                \n        \n                \n            <\/div>\n<\/div>            \r\n        <\/div>                \r\n                    \r\n        <div class=\"aiovg-col aiovg-col-3\">\r\n            \n<div class=\"aiovg-thumbnail aiovg-thumbnail-style-image-top\" data-id=\"928\">\n    <a href=\"https:\/\/tatraproject.org\/lt\/aiovg_videos\/siberian-diaries-1-and-2\/\" class=\"aiovg-responsive-container\" style=\"padding-bottom: 75%;\">\n        <img src=\"https:\/\/tatraproject.org\/wp-content\/plugins\/all-in-one-video-gallery\/public\/assets\/images\/placeholder-image.png\" alt=\"Siberian Diaries 1 and 2\" class=\"aiovg-responsive-element\" \/>                    \n        \n                \n        <div class=\"aiovg-play-icon\"><\/div>\n    <\/a>    \t\n    \n    <div class=\"aiovg-caption\">\n        <div class=\"aiovg-title\">\n            <a href=\"https:\/\/tatraproject.org\/lt\/aiovg_videos\/siberian-diaries-1-and-2\/\" class=\"aiovg-link-title\">Siberian Diaries 1 and 2<\/a>\n        <\/div>\n\n                    \n                    <div class=\"aiovg-excerpt\">This film is dedicated to the children who [...]<\/div>\n                \n        \n                \n            <\/div>\n<\/div>            \r\n        <\/div>                \r\n                    \r\n        <div class=\"aiovg-col aiovg-col-3\">\r\n            \n<div class=\"aiovg-thumbnail aiovg-thumbnail-style-image-top\" data-id=\"934\">\n    <a href=\"https:\/\/tatraproject.org\/lt\/aiovg_videos\/siberian-diaries-3-and-4\/\" class=\"aiovg-responsive-container\" style=\"padding-bottom: 75%;\">\n        <img src=\"https:\/\/tatraproject.org\/wp-content\/plugins\/all-in-one-video-gallery\/public\/assets\/images\/placeholder-image.png\" alt=\"Siberian Diaries 3 and 4\" class=\"aiovg-responsive-element\" \/>                    \n        \n                \n        <div class=\"aiovg-play-icon\"><\/div>\n    <\/a>    \t\n    \n    <div class=\"aiovg-caption\">\n        <div class=\"aiovg-title\">\n            <a href=\"https:\/\/tatraproject.org\/lt\/aiovg_videos\/siberian-diaries-3-and-4\/\" class=\"aiovg-link-title\">Siberian Diaries 3 and 4<\/a>\n        <\/div>\n\n                    \n                    <div class=\"aiovg-excerpt\">Siberian Diaries is a documentary historical [...]<\/div>\n                \n        \n                \n            <\/div>\n<\/div>            \r\n        <\/div>                \r\n        <\/div><div class=\"aiovg-pagination-wrapper aiovg-text-center\"><div class=\"aiovg-pagination\"><span aria-current=\"page\" class=\"page-numbers current\">1<\/span><a class=\"page-numbers\" href=\"https:\/\/tatraproject.org\/lt\/wp-json\/wp\/v2\/pages\/146\/page\/2\">2<\/a><a class=\"next page-numbers\" href=\"https:\/\/tatraproject.org\/lt\/wp-json\/wp\/v2\/pages\/146\/page\/2\">&raquo;<\/a><\/div><p class=\"aiovg-text-muted\">Page 1 of 2<\/p><\/div><\/div>","protected":false},"excerpt":{"rendered":"","protected":false},"author":1,"featured_media":0,"parent":0,"menu_order":0,"comment_status":"closed","ping_status":"closed","template":"","meta":{"spay_email":""},"_links":{"self":[{"href":"https:\/\/tatraproject.org\/lt\/wp-json\/wp\/v2\/pages\/146"}],"collection":[{"href":"https:\/\/tatraproject.org\/lt\/wp-json\/wp\/v2\/pages"}],"about":[{"href":"https:\/\/tatraproject.org\/lt\/wp-json\/wp\/v2\/types\/page"}],"author":[{"embeddable":true,"href":"https:\/\/tatraproject.org\/lt\/wp-json\/wp\/v2\/users\/1"}],"replies":[{"embeddable":true,"href":"https:\/\/tatraproject.org\/lt\/wp-json\/wp\/v2\/comments?post=146"}],"version-history":[{"count":0,"href":"https:\/\/tatraproject.org\/lt\/wp-json\/wp\/v2\/pages\/146\/revisions"}],"wp:attachment":[{"href":"https:\/\/tatraproject.org\/lt\/wp-json\/wp\/v2\/media?parent=146"}],"curies":[{"name":"wp","href":"https:\/\/api.w.org\/{rel}","templated":true}]}}