{"id":1206,"date":"2019-08-23T10:47:34","date_gmt":"2019-08-23T10:47:34","guid":{"rendered":"https:\/\/tatraproject.org\/?page_id=1206"},"modified":"2020-02-04T23:46:00","modified_gmt":"2020-02-04T23:46:00","slug":"dedication","status":"publish","type":"page","link":"https:\/\/tatraproject.org\/lt\/dedication\/","title":{"rendered":"Dedikacija"},"content":{"rendered":"<p class=\"has-text-color has-small-font-size has-very-dark-gray-color\"><em>I\u0161trauka i\u0161 elektroninio lai\u0161ko, gauto 2019 m. Rugpj\u016b\u010dio 22 d. i\u0161 t\u0117vo Davido O'Rourke'o, OP<\/em><\/p>\n\n\n\n<p class=\"has-text-color has-vivid-red-color\">Rytoj, Rugpj\u016b\u010dio 23 d., yra 80<sup>th<\/sup>&nbsp;osios Hitlerio ir Stalino pakto metin\u0117s ir 30-osios Baltijos kelio metin\u0117s. \u0160i 650 kilometr\u0173 rankomis susikabinusi\u0173 \u017emoni\u0173 grandin\u0117 t\u0119s\u0117si nuo Estijos kranto, per Latvij\u0105 ir Lietuv\u0105.<sup>th<\/sup> anniversary &nbsp;of the <em>Baltic Way<\/em>, that 400-mile stretch of people holding hands from the waterside in Estija down through Latvia to Lithuania.<br><p style=\"text-indent: 3em;\"><p class=\"has-text-color has-vivid-red-color\">Taip pat sueina 10 met\u0173<sup>th<\/sup>&nbsp;kai buvo pa\u0161ventintos kapin\u0117s \u0161alia Vilniaus, kur naktimis buvo laidoti KGB pastate nu\u017eudyti \u017emon\u0117s.&nbsp; <em>Raudonasis Teroras<\/em> buvo parodytas pamin\u0117jimo metu, ir a\u0161 buvau papra\u0161ytas duoti trump\u0105 \u012f\u017eang\u0105. \u0160is filmas taip pat buvo parodytas per Lietuvos televizij\u0105 21 val., kaip svarbi pamin\u0117jimo dalis.<br><p style=\"text-indent: 3em;\"><p class=\"has-text-color has-vivid-red-color\">B\u016btent \u0161ios \u0161vent\u0117s metu Ken ir a\u0161 filmavome <a href=\"https:\/\/tatraproject.org\/lt\/aiovg_videos\/sadunaite-felicija-nijole\/\">Nijol\u0119 Sad\u016bnait\u0119<\/a> parke u\u017e Vilniaus. Tur\u0117jome nuolat keisti filmavimo viet\u0105, nes ten tuo metu vyko muzikos grupi\u0173 pasirodymai.<br><p style=\"text-indent: 3em;\"><p class=\"has-text-color has-vivid-red-color\">Internete yra pora dokumentini\u0173 vaizdo \u012fra\u0161\u0173, dain\u0173, sukurt\u0173 <em>Baltic Way<\/em> Baltijos keliui, \u012fra\u0161ai, kurie yra man nuostab\u016bs, tokie \u0161ventiniai ir labai jaudinantys. \u201eYouTube\u201c vaizdo \u012fra\u0161ai taip pat parodo, kaip rankomis susikabinusi\u0173 \u017emoni\u0173 grandin\u0117 t\u0119siasi 650 kilometr\u0173. \u0160ie \u012fra\u0161ai yra surandami darant paie\u0161k\u0105 \u201eLietuva, Latvija, Estija\u201c ar \u201eBaltijos kelias\u201c. Matyt, kai Gorba\u010diovas pamat\u0117 \u0161iuos filmus, jis suprato, kad \u201eA\u0161 praradau \u017emones\u201c ir tai buvo tik laiko klausimas iki Soviet\u0173 S\u0105jungos valstyb\u0117s sugriuvimo.<br><p style=\"text-indent: 3em;\"><p class=\"has-text-color has-vivid-red-color\">Tai tikrai verta \u0161vent\u0117s\u2026 <\/p>\n\n\n\n<p><em>[Viena i\u0161 \u0161ventini\u0173 \u0161ios sukakties i\u0161rai\u0161k\u0173 yra \u0161ios interneto svetain\u0117s re-dedikacija (ne visai atsitiktin\u0117) suteikti mokytojams ir studentams pri\u0117jim\u0105 prie \u0161i\u0173 informacini\u0173 \u0161altini\u0173. M\u016bs\u0173 pastangos yra skirtos pagerbti nukent\u0117jusius ir \u017euvusius \u017emones, kad j\u0173 skausmai ir praradimai neb\u016bt\u0173 pamir\u0161ti.]<\/em><\/p>\n\n\n\n<p>Taip pat neatsitiktinai, \u0161i\u0105 dien\u0105 \u201eHonkongo pro-demokratinio jud\u0117jimo dalyviai susikibo rankomis, \u012fkv\u0117pti Baltijos \u0161ali\u0173 \u017emoni\u0173 grandin\u0117s, protestavusi\u0173 prie\u0161 Soviet\u0173 valdym\u0105 prie\u0161 30 met\u0173\u201c.<\/p>\n<p style=\"text-align:right;\">Cituojama i\u0161 Kelvin Chan, <em>\u201eAssociated Press\u201c<\/em> 2019 m. Rugpj\u016b\u010dio 23 d.<\/p>\n\n\n\n<figure class=\"wp-block-image\"><img loading=\"lazy\" width=\"279\" height=\"300\" src=\"https:\/\/tatraproject.org\/wp-content\/uploads\/2019\/09\/HongKongProtest-1-279x300.jpeg\" alt=\"\" class=\"wp-image-1590\" srcset=\"https:\/\/tatraproject.org\/wp-content\/uploads\/2019\/09\/HongKongProtest-1-279x300.jpeg 279w, https:\/\/tatraproject.org\/wp-content\/uploads\/2019\/09\/HongKongProtest-1-768x827.jpeg 768w, https:\/\/tatraproject.org\/wp-content\/uploads\/2019\/09\/HongKongProtest-1-951x1024.jpeg 951w, https:\/\/tatraproject.org\/wp-content\/uploads\/2019\/09\/HongKongProtest-1.jpeg 1028w\" sizes=\"(max-width: 279px) 100vw, 279px\" \/><\/figure>\n\n\n\n<p>\u201eYouTube\u201c galima rasti daugyb\u0119 vaizdo \u012fra\u0161\u0173 apie Baltijos keli\u0105. \u010cia pateikiami tik keli pavyzd\u017eiai.<\/p>\n\n\n\n<style>\niframe {\n   margin-bottom: 0;\n   padding-bottom: 0;\n}\n<\/style>\n<iframe loading=\"lazy\" width=\"560\" height=\"315\" src=\"https:\/\/www.youtube.com\/embed\/LusFXolC8lU\" frameborder=\"0\" allow=\"accelerometer; autoplay; encrypted-media; gyroscope; picture-in-picture\" allowfullscreen><\/iframe><caption><p>Baltijos kelio trisde\u0161imtme\u010dio min\u0117jimas Lietuvoje.<p><\/caption><br><br>\n<iframe loading=\"lazy\" width=\"560\" height=\"315\" src=\"https:\/\/www.youtube.com\/embed\/cH0kBor4mB4\" frameborder=\"0\" allow=\"accelerometer; autoplay; encrypted-media; gyroscope; picture-in-picture\" allowfullscreen><\/iframe><caption><p>JAV ambasados prisiminimai apie Baltijos keli\u0105<p><\/caption><br><br>\n<iframe loading=\"lazy\" width=\"560\" height=\"315\" src=\"https:\/\/www.youtube.com\/embed\/hyM7e_Yo96c\" frameborder=\"0\" allow=\"accelerometer; autoplay; encrypted-media; gyroscope; picture-in-picture\" allowfullscreen><\/iframe><caption><p>Brit\u0173 paai\u0161kinimas apie Baltijos keli\u0105<p><c><br><br>\n<iframe loading=\"lazy\" width=\"560\" height=\"315\" src=\"https:\/\/www.youtube.com\/embed\/hOXyikrT1MM\" frameborder=\"0\" allow=\"accelerometer; autoplay; encrypted-media; gyroscope; picture-in-picture\" allowfullscreen><\/iframe><caption><p>\u0160e\u0161tok\u0173 istorijos projektas apie Baltijos keli\u0105<p><\/caption>\n\n\n\n<h3 class=\"has-text-align-right\"><a href=\"https:\/\/tatraproject.org\/lt\/educational-resources\/\">T\u0119sti<\/a><\/h3>","protected":false},"excerpt":{"rendered":"<p>From an e-mail received on August 22, 2019 from Father David O&#8217;Rourke, OP Tomorrow\u2014August 23 &#8211; is the 80th&nbsp;anniversary of the Hitler-Stalin Pact\u2014and the 50th anniversary &nbsp;of the Baltic Way, that 400-mile stretch of people holding hands from the waterside in Estija down through Latvia to Lithuania. And it is also the 10th&nbsp;anniversary of the &hellip; <a href=\"https:\/\/tatraproject.org\/lt\/dedication\/\" class=\"more-link\">Skaityti toliau: <span class=\"screen-reader-text\">Dedikacija<\/span><\/a><\/p>","protected":false},"author":2,"featured_media":0,"parent":0,"menu_order":0,"comment_status":"closed","ping_status":"closed","template":"","meta":{"spay_email":""},"_links":{"self":[{"href":"https:\/\/tatraproject.org\/lt\/wp-json\/wp\/v2\/pages\/1206"}],"collection":[{"href":"https:\/\/tatraproject.org\/lt\/wp-json\/wp\/v2\/pages"}],"about":[{"href":"https:\/\/tatraproject.org\/lt\/wp-json\/wp\/v2\/types\/page"}],"author":[{"embeddable":true,"href":"https:\/\/tatraproject.org\/lt\/wp-json\/wp\/v2\/users\/2"}],"replies":[{"embeddable":true,"href":"https:\/\/tatraproject.org\/lt\/wp-json\/wp\/v2\/comments?post=1206"}],"version-history":[{"count":10,"href":"https:\/\/tatraproject.org\/lt\/wp-json\/wp\/v2\/pages\/1206\/revisions"}],"predecessor-version":[{"id":1816,"href":"https:\/\/tatraproject.org\/lt\/wp-json\/wp\/v2\/pages\/1206\/revisions\/1816"}],"wp:attachment":[{"href":"https:\/\/tatraproject.org\/lt\/wp-json\/wp\/v2\/media?parent=1206"}],"curies":[{"name":"wp","href":"https:\/\/api.w.org\/{rel}","templated":true}]}}