{"id":1036,"date":"2019-08-15T04:43:37","date_gmt":"2019-08-15T04:43:37","guid":{"rendered":"https:\/\/tatraproject.org\/?page_id=1036"},"modified":"2019-09-07T19:29:30","modified_gmt":"2019-09-07T19:29:30","slug":"czechoslovakia","status":"publish","type":"page","link":"https:\/\/tatraproject.org\/lt\/educational-resources\/czechoslovakia\/","title":{"rendered":"\u010cekoslovakija (Filmas)"},"content":{"rendered":"<p>2000 met\u0173 vasar\u0105 Prahoje Ken'as Gumbert'as prad\u0117jo dokument\u012f film\u0105 apie 1948 metus \u010cekoslovakijoje, kai komunistai u\u017egrob\u0117 vald\u017ei\u0105. T\u0105 vasar\u0105 prad\u0117to darbo rezultatas buvo filmas <em>\"Gelbstinti Malon\u0117\"<\/em>2005 metais Ken'o filmui buvo suteiktas Gabrieliaus apdovanojimas skirtas u\u017e geriausi\u0105 dokumentin\u012f film\u0105 parodyt\u0105 per nacionalin\u0119 televizij\u0105. Atskira \u010cek\u0173 filmo versija buvo i\u0161leista v\u0117liau su \u010cek\u0173 subtitrais. Abi filmo versijos yra prieinamos \u017eemiau.<\/p>\n\n\n\n<figure class=\"wp-block-image\"><a href=\"https:\/\/tatraproject.org\/wp-content\/uploads\/Movies\/SavingGraceENG\/SavingGrace_ENG.mp4\"><img loading=\"lazy\" width=\"720\" height=\"470\" src=\"https:\/\/tatraproject.org\/wp-content\/uploads\/Movies\/SavingGraceENG\/SavingGraceENGStill.jpg\" alt=\"Saving Grace video film.\" class=\"wp-image-1295\"><\/a><figcaption>Angli\u0161ka versija<\/figcaption><\/figure>\n\n\n\n<figure class=\"wp-block-image\"><a href=\"https:\/\/tatraproject.org\/wp-content\/uploads\/Movies\/SavingGraceCZ\/SavingGrace_CZ.mp4\"><img loading=\"lazy\" width=\"706\" height=\"455\" src=\"https:\/\/tatraproject.org\/wp-content\/uploads\/2019\/09\/SavingGraceCZ-Still.jpg\" alt=\"\" class=\"wp-image-1296\" srcset=\"https:\/\/tatraproject.org\/wp-content\/uploads\/2019\/09\/SavingGraceCZ-Still.jpg 706w, https:\/\/tatraproject.org\/wp-content\/uploads\/2019\/09\/SavingGraceCZ-Still-300x193.jpg 300w\" sizes=\"(max-width: 706px) 100vw, 706px\" \/><\/a><figcaption>Su \u010cek\u0173 Subtitrais<\/figcaption><\/figure>","protected":false},"excerpt":{"rendered":"<p>In the summer of 2000 Ken Gumbert was in Prague, beginning a documentary on the Communist take over of Czechoslovakia in 1948. The result of that summer&#8217;s work was the film, Saving Grace. In 2005, Ken&#8217;s film was awarded the Gabriel Award for the best documentary shown on national television. A separate Czech version of &hellip; <a href=\"https:\/\/tatraproject.org\/lt\/educational-resources\/czechoslovakia\/\" class=\"more-link\">Skaityti toliau: <span class=\"screen-reader-text\">\u010cekoslovakija (Filmas)<\/span><\/a><\/p>","protected":false},"author":2,"featured_media":0,"parent":13,"menu_order":1,"comment_status":"closed","ping_status":"closed","template":"","meta":{"spay_email":""},"_links":{"self":[{"href":"https:\/\/tatraproject.org\/lt\/wp-json\/wp\/v2\/pages\/1036"}],"collection":[{"href":"https:\/\/tatraproject.org\/lt\/wp-json\/wp\/v2\/pages"}],"about":[{"href":"https:\/\/tatraproject.org\/lt\/wp-json\/wp\/v2\/types\/page"}],"author":[{"embeddable":true,"href":"https:\/\/tatraproject.org\/lt\/wp-json\/wp\/v2\/users\/2"}],"replies":[{"embeddable":true,"href":"https:\/\/tatraproject.org\/lt\/wp-json\/wp\/v2\/comments?post=1036"}],"version-history":[{"count":11,"href":"https:\/\/tatraproject.org\/lt\/wp-json\/wp\/v2\/pages\/1036\/revisions"}],"predecessor-version":[{"id":1787,"href":"https:\/\/tatraproject.org\/lt\/wp-json\/wp\/v2\/pages\/1036\/revisions\/1787"}],"up":[{"embeddable":true,"href":"https:\/\/tatraproject.org\/lt\/wp-json\/wp\/v2\/pages\/13"}],"wp:attachment":[{"href":"https:\/\/tatraproject.org\/lt\/wp-json\/wp\/v2\/media?parent=1036"}],"curies":[{"name":"wp","href":"https:\/\/api.w.org\/{rel}","templated":true}]}}